{"id":3253,"date":"2023-05-08T10:11:26","date_gmt":"2023-05-08T10:11:26","guid":{"rendered":"https:\/\/ashtanga.qodeinteractive.com\/?page_id=3253"},"modified":"2023-05-08T10:11:26","modified_gmt":"2023-05-08T10:11:26","slug":"retreats","status":"publish","type":"page","link":"https:\/\/estelasanabria.com\/index.php\/retreats\/","title":{"rendered":"Retreats"},"content":{"rendered":"\t\t<div data-elementor-type=\"wp-page\" data-elementor-id=\"3253\" class=\"elementor elementor-3253\">\n\t\t\t\t\t\t<section class=\"elementor-section elementor-top-section elementor-element elementor-element-fffbc9c elementor-section-full_width elementor-section-height-default elementor-section-height-default\" data-id=\"fffbc9c\" data-element_type=\"section\">\n\t\t\t\t\t\t<div class=\"elementor-container elementor-column-gap-default\">\n\t\t\t\t\t<div class=\"elementor-column elementor-col-100 elementor-top-column elementor-element elementor-element-2e669cb\" data-id=\"2e669cb\" data-element_type=\"column\">\n\t\t\t<div class=\"elementor-widget-wrap elementor-element-populated\">\n\t\t\t\t\t\t<div class=\"elementor-element elementor-element-9754d28 elementor-widget elementor-widget-ashtanga_core_custom_font\" data-id=\"9754d28\" data-element_type=\"widget\" data-widget_type=\"ashtanga_core_custom_font.default\">\n\t\t\t\t<div class=\"elementor-widget-container\">\n\t\t\t\t\t<p class=\"qodef-shortcode qodef-m  qodef-custom-font qodef-custom-font-304 qodef-layout--simple   \" style=\"font-family: Edensor;font-size: 200px;line-height: 246px;text-transform: uppercase\"   >\n\t<span class=\"qodef-custom-font-inner\">\n\t\tRetreats\t<\/span>\n<\/p>\n\t\t\t\t<\/div>\n\t\t\t\t<\/div>\n\t\t\t\t\t<\/div>\n\t\t<\/div>\n\t\t\t\t\t<\/div>\n\t\t<\/section>\n\t\t\t\t<section class=\"elementor-section elementor-top-section elementor-element elementor-element-783b65a elementor-section-full_width elementor-section-height-min-height elementor-section-items-bottom elementor-section-height-default\" data-id=\"783b65a\" data-element_type=\"section\" data-settings=\"{&quot;background_background&quot;:&quot;classic&quot;}\">\n\t\t\t\t\t\t<div class=\"elementor-container elementor-column-gap-default\">\n\t\t\t\t\t<div class=\"elementor-column elementor-col-100 elementor-top-column elementor-element elementor-element-20ae2f2\" data-id=\"20ae2f2\" data-element_type=\"column\">\n\t\t\t<div class=\"elementor-widget-wrap\">\n\t\t\t\t\t\t\t<\/div>\n\t\t<\/div>\n\t\t\t\t\t<\/div>\n\t\t<\/section>\n\t\t\t\t<section class=\"elementor-section elementor-top-section elementor-element elementor-element-01d303c elementor-section-full_width elementor-section-height-default elementor-section-height-default\" data-id=\"01d303c\" data-element_type=\"section\">\n\t\t\t\t\t\t<div class=\"elementor-container elementor-column-gap-default\">\n\t\t\t\t\t<div class=\"elementor-column elementor-col-100 elementor-top-column elementor-element elementor-element-8ace1d3\" data-id=\"8ace1d3\" data-element_type=\"column\">\n\t\t\t<div class=\"elementor-widget-wrap elementor-element-populated\">\n\t\t\t\t\t\t<div class=\"elementor-element elementor-element-4687b99 elementor-widget elementor-widget-ashtanga_core_testimonials_list\" data-id=\"4687b99\" data-element_type=\"widget\" data-widget_type=\"ashtanga_core_testimonials_list.default\">\n\t\t\t\t<div class=\"elementor-widget-container\">\n\t\t\t\t\t<div class=\"qodef-shortcode qodef-m  qodef-testimonials-list  qodef-image-on-top qodef-grid qodef-swiper-container    qodef-col-num--1 qodef-item-layout--info-below qodef-responsive--predefined\"  data-options=\"{&quot;spaceBetween&quot;:0,&quot;slidesPerView&quot;:&quot;1&quot;,&quot;loop&quot;:true,&quot;autoplay&quot;:false,&quot;speed&quot;:&quot;&quot;,&quot;speedAnimation&quot;:&quot;&quot;,&quot;slideAnimation&quot;:&quot;&quot;,&quot;direction&quot;:&quot;&quot;,&quot;centeredSlides&quot;:&quot;&quot;,&quot;sliderScroll&quot;:&quot;&quot;,&quot;loopedSlides&quot;:&quot;&quot;,&quot;infinite&quot;:false}\">\n\t\t<div class=\"swiper-wrapper\">\n\t\t<div class=\"qodef-e swiper-slide \">\n\t<div class=\"qodef-e-inner\">\n\t\t<div class=\"qodef-e-content\">\n\t\t\t\t\t\t\t<div itemprop=\"description\" class=\"qodef-e-text qodef-arrow-location\">Estela para m\u00ed es Belleza. \r\n\r\nEsa Belleza femenina algo impredecible, valiente y c\u00e1lida. Conf\u00edo en sus propuestas y seguirla y dejarme acompa\u00f1ar por ella es un placer. De sus sesiones siempre salgo m\u00e1s centrada, conectada, y en paz. Adem\u00e1s de sus conocimientos ancestrales, es psic\u00f3loga, lo cual tambi\u00e9n me da seguridad a la hora de abrirme en las pr\u00e1cticas.\r\n\r\nMe considero muy afortunada por haberla cruzado en mi camino. Gracias, Estela, por tu cercan\u00eda, autenticidad y sensibilidad \ud83d\ude4f\r\n<\/div>\n\n\t\t\t<div class=\"qodef-e-quote-mark\">\t<div class=\"qodef-e-media-image\">\n\t\t<img fetchpriority=\"high\" decoding=\"async\" width=\"1194\" height=\"1194\" src=\"https:\/\/estelasanabria.com\/wp-content\/uploads\/2023\/04\/felicita.jpg\" class=\"attachment-full size-full wp-post-image\" alt=\"\" srcset=\"https:\/\/estelasanabria.com\/wp-content\/uploads\/2023\/04\/felicita.jpg 1194w, https:\/\/estelasanabria.com\/wp-content\/uploads\/2023\/04\/felicita-300x300.jpg 300w, https:\/\/estelasanabria.com\/wp-content\/uploads\/2023\/04\/felicita-1024x1024.jpg 1024w, https:\/\/estelasanabria.com\/wp-content\/uploads\/2023\/04\/felicita-150x150.jpg 150w, https:\/\/estelasanabria.com\/wp-content\/uploads\/2023\/04\/felicita-768x768.jpg 768w, https:\/\/estelasanabria.com\/wp-content\/uploads\/2023\/04\/felicita-650x650.jpg 650w\" sizes=\"(max-width: 1194px) 100vw, 1194px\" \/>\t<\/div>\n\t\t\t<\/div>\n\t\t<\/div>\n\n\t\t\t<div class=\"qodef-e-author\">\n\t\t<div class=\"qodef-e-author-name\">Felicita<\/div>\n\t\t\t<\/div>\n\t<\/div>\n<\/div>\n<div class=\"qodef-e swiper-slide \">\n\t<div class=\"qodef-e-inner\">\n\t\t<div class=\"qodef-e-content\">\n\t\t\t\t\t\t\t<div itemprop=\"description\" class=\"qodef-e-text qodef-arrow-location\">Estela es una persona incre\u00edble, con una capacidad \u00fanica para canalizar energ\u00edas y ayudar a sanar. Antes de nuestra boda, nos gui\u00f3 en un ritual hermoso que nos hizo sentir a\u00fan m\u00e1s conectados. Fue una experiencia muy especial que recordaremos siempre. Su sensibilidad, intuici\u00f3n y calidez hacen que cada encuentro con ella sea m\u00e1gico. La recomiendo con ojos cerrados a cualquiera que quiera conectar consigo mismo y con los dem\u00e1s de una manera aut\u00e9ntica y profunda \u2764\ufe0f\u2764\ufe0f\u2764\ufe0f\r\nGRACIAS de coraz\u00f3n por este regalo tan valioso.Tu luz y tu energ\u00eda han dejado una huella en nosotros para siempre.\r\n<\/div>\n\n\t\t\t<div class=\"qodef-e-quote-mark\">\t<div class=\"qodef-e-media-image\">\n\t\t\t<\/div>\n\t\t\t<\/div>\n\t\t<\/div>\n\n\t\t\t<div class=\"qodef-e-author\">\n\t\t<div class=\"qodef-e-author-name\">Marianna &amp; Daniele<\/div>\n\t\t\t<\/div>\n\t<\/div>\n<\/div>\n\t<\/div>\n\t\t<\/div>\n\t\t\t\t<\/div>\n\t\t\t\t<\/div>\n\t\t\t\t\t<\/div>\n\t\t<\/div>\n\t\t\t\t\t<\/div>\n\t\t<\/section>\n\t\t\t\t<section class=\"elementor-section elementor-top-section elementor-element elementor-element-0a78486 elementor-section-full_width elementor-section-height-default elementor-section-height-default\" data-id=\"0a78486\" data-element_type=\"section\">\n\t\t\t\t\t\t<div class=\"elementor-container elementor-column-gap-default\">\n\t\t\t\t\t<div class=\"elementor-column elementor-col-100 elementor-top-column elementor-element elementor-element-a483a37\" data-id=\"a483a37\" data-element_type=\"column\">\n\t\t\t<div class=\"elementor-widget-wrap elementor-element-populated\">\n\t\t\t\t\t\t<div class=\"elementor-element elementor-element-3de662c elementor-widget elementor-widget-ashtanga_core_image_gallery\" data-id=\"3de662c\" data-element_type=\"widget\" data-widget_type=\"ashtanga_core_image_gallery.default\">\n\t\t\t\t<div class=\"elementor-widget-container\">\n\t\t\t\t\t<div class=\"qodef-shortcode qodef-m  qodef-image-gallery  qodef-custom-caption-layout--bellow  qodef-content-vertical-align--bottom qodef-content-horizontal-align--center    qodef-grid qodef-swiper-container  qodef-gutter--custom  qodef-col-num--2  qodef-responsive--predefined\" style=\"--qode-gutter-custom: 105px;--qode-gutter-custom-1440: 105px;--qode-gutter-custom-1024: 70px;--qode-gutter-custom-680: 70px\" data-options=\"{&quot;spaceBetween&quot;:105,&quot;spaceBetween1440&quot;:105,&quot;spaceBetween1024&quot;:70,&quot;spaceBetween680&quot;:70,&quot;slidesPerView&quot;:&quot;2.5&quot;,&quot;loop&quot;:true,&quot;autoplay&quot;:true,&quot;speed&quot;:&quot;&quot;,&quot;speedAnimation&quot;:&quot;&quot;,&quot;slideAnimation&quot;:&quot;&quot;,&quot;direction&quot;:&quot;&quot;,&quot;centeredSlides&quot;:true,&quot;sliderScroll&quot;:&quot;&quot;,&quot;loopedSlides&quot;:&quot;&quot;,&quot;infinite&quot;:false}\">\n\t<div class=\"swiper-wrapper\">\n\t\t<div class=\"qodef-e qodef-image-wrapper swiper-slide \">\n\t\t\t<a itemprop=\"url\" href=\"https:\/\/ashtanga.qodeinteractive.com\/retreat-single\/\" target=\"_self\">\n\t\t\t\t\t\t<img decoding=\"async\" width=\"800\" height=\"541\" src=\"https:\/\/estelasanabria.com\/wp-content\/uploads\/2023\/06\/retreats-img-gallery-4.jpg\" class=\"attachment-full size-full\" alt=\"a\" srcset=\"https:\/\/estelasanabria.com\/wp-content\/uploads\/2023\/06\/retreats-img-gallery-4.jpg 800w, https:\/\/estelasanabria.com\/wp-content\/uploads\/2023\/06\/retreats-img-gallery-4-300x203.jpg 300w, https:\/\/estelasanabria.com\/wp-content\/uploads\/2023\/06\/retreats-img-gallery-4-768x519.jpg 768w\" sizes=\"(max-width: 800px) 100vw, 800px\" \/>\t\t\t\t\t<\/a>\n\t\t\t\t\t\t<div class=\"qodef-e-additional-info\">\n\t\t\t\t<div class=\"qodef-e-additional-info-inner\">\n\t\t\t\t\t\t\t\t\t\t\t\t\t\t\t\t<div class=\"qodef-e-description\">May 21st - May 28th 2023<\/div>\n\t\t\t\t\t\t\t\t\t\t\t\t\t\t\t\t<div class=\"qodef-e-caption\" >\n\t\t\t\t\t\t\tandalucia \/ marbella\t\t\t\t\t\t<\/div>\n\t\t\t\t\t\t\t\t\t<\/div>\n\t\t\t<\/div>\n\t\t<\/div>\n<div class=\"qodef-e qodef-image-wrapper swiper-slide \">\n\t\t\t<a itemprop=\"url\" href=\"https:\/\/ashtanga.qodeinteractive.com\/retreat-single\/\" target=\"_self\">\n\t\t\t\t\t\t<img decoding=\"async\" width=\"800\" height=\"495\" src=\"https:\/\/estelasanabria.com\/wp-content\/uploads\/2023\/06\/retreats-img-gallery-3.jpg\" class=\"attachment-full size-full\" alt=\"a\" srcset=\"https:\/\/estelasanabria.com\/wp-content\/uploads\/2023\/06\/retreats-img-gallery-3.jpg 800w, https:\/\/estelasanabria.com\/wp-content\/uploads\/2023\/06\/retreats-img-gallery-3-300x186.jpg 300w, https:\/\/estelasanabria.com\/wp-content\/uploads\/2023\/06\/retreats-img-gallery-3-768x475.jpg 768w\" sizes=\"(max-width: 800px) 100vw, 800px\" \/>\t\t\t\t\t<\/a>\n\t\t\t\t\t\t<div class=\"qodef-e-additional-info\">\n\t\t\t\t<div class=\"qodef-e-additional-info-inner\">\n\t\t\t\t\t\t\t\t\t\t\t\t\t\t\t\t<div class=\"qodef-e-description\">May 21st - May 28th 2023<\/div>\n\t\t\t\t\t\t\t\t\t\t\t\t\t\t\t\t<div class=\"qodef-e-caption\" >\n\t\t\t\t\t\t\tandalucia \/ marbella\t\t\t\t\t\t<\/div>\n\t\t\t\t\t\t\t\t\t<\/div>\n\t\t\t<\/div>\n\t\t<\/div>\n<div class=\"qodef-e qodef-image-wrapper swiper-slide \">\n\t\t\t<a itemprop=\"url\" href=\"https:\/\/ashtanga.qodeinteractive.com\/retreat-single\/\" target=\"_self\">\n\t\t\t\t\t\t<img loading=\"lazy\" decoding=\"async\" width=\"800\" height=\"541\" src=\"https:\/\/estelasanabria.com\/wp-content\/uploads\/2023\/06\/retreats-img-gallery-2.jpg\" class=\"attachment-full size-full\" alt=\"a\" srcset=\"https:\/\/estelasanabria.com\/wp-content\/uploads\/2023\/06\/retreats-img-gallery-2.jpg 800w, https:\/\/estelasanabria.com\/wp-content\/uploads\/2023\/06\/retreats-img-gallery-2-300x203.jpg 300w, https:\/\/estelasanabria.com\/wp-content\/uploads\/2023\/06\/retreats-img-gallery-2-768x519.jpg 768w\" sizes=\"(max-width: 800px) 100vw, 800px\" \/>\t\t\t\t\t<\/a>\n\t\t\t\t\t\t<div class=\"qodef-e-additional-info\">\n\t\t\t\t<div class=\"qodef-e-additional-info-inner\">\n\t\t\t\t\t\t\t\t\t\t\t\t\t\t\t\t<div class=\"qodef-e-description\">May 21st - May 28th 2023<\/div>\n\t\t\t\t\t\t\t\t\t\t\t\t\t\t\t\t<div class=\"qodef-e-caption\" >\n\t\t\t\t\t\t\tandalucia \/ marbella\t\t\t\t\t\t<\/div>\n\t\t\t\t\t\t\t\t\t<\/div>\n\t\t\t<\/div>\n\t\t<\/div>\n<div class=\"qodef-e qodef-image-wrapper swiper-slide \">\n\t\t\t<a itemprop=\"url\" href=\"https:\/\/ashtanga.qodeinteractive.com\/retreat-single\/\" target=\"_self\">\n\t\t\t\t\t\t<img loading=\"lazy\" decoding=\"async\" width=\"800\" height=\"496\" src=\"https:\/\/estelasanabria.com\/wp-content\/uploads\/2023\/06\/retreats-img-gallery.jpg\" class=\"attachment-full size-full\" alt=\"a\" srcset=\"https:\/\/estelasanabria.com\/wp-content\/uploads\/2023\/06\/retreats-img-gallery.jpg 800w, https:\/\/estelasanabria.com\/wp-content\/uploads\/2023\/06\/retreats-img-gallery-300x186.jpg 300w, https:\/\/estelasanabria.com\/wp-content\/uploads\/2023\/06\/retreats-img-gallery-768x476.jpg 768w\" sizes=\"(max-width: 800px) 100vw, 800px\" \/>\t\t\t\t\t<\/a>\n\t\t\t\t\t\t<div class=\"qodef-e-additional-info\">\n\t\t\t\t<div class=\"qodef-e-additional-info-inner\">\n\t\t\t\t\t\t\t\t\t\t\t\t\t\t\t\t<div class=\"qodef-e-description\">May 21st - May 28th 2023<\/div>\n\t\t\t\t\t\t\t\t\t\t\t\t\t\t\t\t<div class=\"qodef-e-caption\" >\n\t\t\t\t\t\t\tandalucia \/ marbella\t\t\t\t\t\t<\/div>\n\t\t\t\t\t\t\t\t\t<\/div>\n\t\t\t<\/div>\n\t\t<\/div>\n\t<\/div>\n\t\t<\/div>\n\t\t\t\t<\/div>\n\t\t\t\t<\/div>\n\t\t\t\t\t<\/div>\n\t\t<\/div>\n\t\t\t\t\t<\/div>\n\t\t<\/section>\n\t\t\t\t<section class=\"elementor-section elementor-top-section elementor-element elementor-element-db3ec21 elementor-section-full_width elementor-section-height-default elementor-section-height-default\" data-id=\"db3ec21\" data-element_type=\"section\" data-settings=\"{&quot;background_background&quot;:&quot;classic&quot;}\">\n\t\t\t\t\t\t<div class=\"elementor-container elementor-column-gap-default\">\n\t\t\t\t\t<div class=\"elementor-column elementor-col-100 elementor-top-column elementor-element elementor-element-9ca7c23\" data-id=\"9ca7c23\" data-element_type=\"column\">\n\t\t\t<div class=\"elementor-widget-wrap elementor-element-populated\">\n\t\t\t\t\t\t<section class=\"elementor-section elementor-inner-section elementor-element elementor-element-67b199a elementor-section-full_width qodef-elementor-content-grid elementor-section-height-default elementor-section-height-default\" data-id=\"67b199a\" data-element_type=\"section\">\n\t\t\t\t\t\t<div class=\"elementor-container elementor-column-gap-default\">\n\t\t\t\t\t<div class=\"elementor-column elementor-col-100 elementor-inner-column elementor-element elementor-element-5958cb4\" data-id=\"5958cb4\" data-element_type=\"column\">\n\t\t\t<div class=\"elementor-widget-wrap elementor-element-populated\">\n\t\t\t\t\t\t<div class=\"elementor-element elementor-element-b737331 elementor-widget elementor-widget-ashtanga_core_custom_font\" data-id=\"b737331\" data-element_type=\"widget\" data-widget_type=\"ashtanga_core_custom_font.default\">\n\t\t\t\t<div class=\"elementor-widget-container\">\n\t\t\t\t\t<p class=\"qodef-shortcode qodef-m  qodef-custom-font qodef-custom-font-96 qodef-layout--simple   \" style=\"font-family: Edensor;font-size: 200px;line-height: 200px;text-transform: uppercase\"   >\n\t<span class=\"qodef-custom-font-inner\">\n\t\tNext retreat\t<\/span>\n<\/p>\n\t\t\t\t<\/div>\n\t\t\t\t<\/div>\n\t\t\t\t<div class=\"elementor-element elementor-element-30e2a9b elementor-widget elementor-widget-ashtanga_core_video_button\" data-id=\"30e2a9b\" data-element_type=\"widget\" data-widget_type=\"ashtanga_core_video_button.default\">\n\t\t\t\t<div class=\"elementor-widget-container\">\n\t\t\t\t\t<div class=\"qodef-shortcode qodef-m  qodef-video-button qodef--has-img\">\n\t\t<div class=\"qodef-m-image\">\n\t\t<img loading=\"lazy\" decoding=\"async\" width=\"1300\" height=\"600\" src=\"https:\/\/estelasanabria.com\/wp-content\/uploads\/2023\/04\/retreat-video-img-1.jpg\" class=\"attachment-full size-full\" alt=\"a\" srcset=\"https:\/\/estelasanabria.com\/wp-content\/uploads\/2023\/04\/retreat-video-img-1.jpg 1300w, https:\/\/estelasanabria.com\/wp-content\/uploads\/2023\/04\/retreat-video-img-1-300x138.jpg 300w, https:\/\/estelasanabria.com\/wp-content\/uploads\/2023\/04\/retreat-video-img-1-1024x473.jpg 1024w, https:\/\/estelasanabria.com\/wp-content\/uploads\/2023\/04\/retreat-video-img-1-768x354.jpg 768w\" sizes=\"(max-width: 1300px) 100vw, 1300px\" \/>\t<\/div>\n\t\t<a itemprop=\"url\" class=\"qodef-m-play qodef-magnific-popup qodef-popup-item\"\n\t   href=\"https:\/\/vimeo.com\/220274260\" data-type=\"iframe\">\n\t\t<span class=\"qodef-m-play-inner\" >\n\t\t\t<svg class=\"qodef-svg--play\" xmlns=\"http:\/\/www.w3.org\/2000\/svg\" width=\"200\" height=\"200\"\n     viewBox=\"0 0 200 200\"><g class=\"qodef--circle\" fill=\"none\" stroke-width=\"1\"><circle cx=\"100\" cy=\"100\" r=\"100\" stroke=\"none\"\/><circle cx=\"100\" cy=\"100\" r=\"99.5\" fill=\"none\"\/><\/g><path class=\"qodef--icon\" d=\"M109,100l-17,10V90L109,100z\"\/><\/svg>\t\t<\/span>\n\t<\/a>\n<\/div>\n\t\t\t\t<\/div>\n\t\t\t\t<\/div>\n\t\t\t\t<div class=\"elementor-element elementor-element-82cc460 elementor-widget elementor-widget-text-editor\" data-id=\"82cc460\" data-element_type=\"widget\" data-widget_type=\"text-editor.default\">\n\t\t\t\t<div class=\"elementor-widget-container\">\n\t\t\t\t\t\t\t\t\t<h3>Our next yoga travel destination is peru.<\/h3>\t\t\t\t\t\t\t\t<\/div>\n\t\t\t\t<\/div>\n\t\t\t\t<div class=\"elementor-element elementor-element-53f127c elementor-widget elementor-widget-ashtanga_core_button\" data-id=\"53f127c\" data-element_type=\"widget\" data-widget_type=\"ashtanga_core_button.default\">\n\t\t\t\t<div class=\"elementor-widget-container\">\n\t\t\t\t\t<a class=\"qodef-shortcode qodef-m  qodef-button qodef-layout--textual   qodef-html--link\" href=\"\" target=\"_self\"  >\n\t<span class=\"qodef-m-text\">Read more<\/span>\n\t\t<svg class=\"qodef-svg--button-arrow qodef-m-arrow\" xmlns=\"http:\/\/www.w3.org\/2000\/svg\" width=\"37.833\" height=\"18.959\"\n     viewBox=\"0 0 37.833 18.959\"><path fill=\"none\" stroke=\"currentColor\" d=\"M37.828 9.371H0\"\/><path fill=\"none\" stroke=\"currentColor\" d=\"M37.83 9.48S28.651 9.403 26.143.131\"\/><path fill=\"none\" stroke=\"currentColor\" d=\"M37.83 9.479s-9.179.077-11.687 9.349\"\/><\/svg>\t<\/a>\n\t\t\t\t<\/div>\n\t\t\t\t<\/div>\n\t\t\t\t\t<\/div>\n\t\t<\/div>\n\t\t\t\t\t<\/div>\n\t\t<\/section>\n\t\t\t\t\t<\/div>\n\t\t<\/div>\n\t\t\t\t\t<\/div>\n\t\t<\/section>\n\t\t\t\t<section class=\"elementor-section elementor-top-section elementor-element elementor-element-3cf6db1 elementor-section-full_width elementor-section-height-default elementor-section-height-default\" data-id=\"3cf6db1\" data-element_type=\"section\">\n\t\t\t\t\t\t<div class=\"elementor-container elementor-column-gap-default\">\n\t\t\t\t\t<div class=\"elementor-column elementor-col-100 elementor-top-column elementor-element elementor-element-da66f9c\" data-id=\"da66f9c\" data-element_type=\"column\">\n\t\t\t<div class=\"elementor-widget-wrap elementor-element-populated\">\n\t\t\t\t\t\t<div class=\"elementor-element elementor-element-12f84fe elementor-widget elementor-widget-ashtanga_core_image_gallery\" data-id=\"12f84fe\" data-element_type=\"widget\" data-widget_type=\"ashtanga_core_image_gallery.default\">\n\t\t\t\t<div class=\"elementor-widget-container\">\n\t\t\t\t\t<div class=\"qodef-shortcode qodef-m  qodef-image-gallery    qodef-content-vertical-align--bottom qodef-content-horizontal-align--center    qodef-grid qodef-swiper-container  qodef-gutter--huge  qodef-col-num--5  qodef-responsive--predefined qodef-swiper--show-hidden-slides\"  data-options=\"{&quot;spaceBetween&quot;:80,&quot;slidesPerView&quot;:&quot;5&quot;,&quot;loop&quot;:true,&quot;autoplay&quot;:true,&quot;speed&quot;:&quot;&quot;,&quot;speedAnimation&quot;:&quot;&quot;,&quot;slideAnimation&quot;:&quot;&quot;,&quot;direction&quot;:&quot;&quot;,&quot;centeredSlides&quot;:true,&quot;sliderScroll&quot;:&quot;&quot;,&quot;loopedSlides&quot;:&quot;&quot;,&quot;infinite&quot;:false}\">\n\t<div class=\"swiper-wrapper\">\n\t\t<div class=\"qodef-e qodef-image-wrapper swiper-slide \">\n\t\t\t<a itemprop=\"url\" href=\"https:\/\/www.instagram.com\/\" target=\"_blank\">\n\t\t\t\t\t\t<img loading=\"lazy\" decoding=\"async\" src=\"https:\/\/estelasanabria.com\/wp-content\/uploads\/2023\/04\/h4-image1-290x290.jpg\" alt=\"a\" width=\"290\" height=\"290\" data-ratio=\"1\" \/>\t\t\t\t\t<\/a>\n\t\t\t<\/div>\n<div class=\"qodef-e qodef-image-wrapper swiper-slide \">\n\t\t\t<a itemprop=\"url\" href=\"https:\/\/www.instagram.com\/\" target=\"_blank\">\n\t\t\t\t\t\t<img loading=\"lazy\" decoding=\"async\" src=\"https:\/\/estelasanabria.com\/wp-content\/uploads\/2023\/04\/h4-image6-290x290.jpg\" alt=\"a\" width=\"290\" height=\"290\" data-ratio=\"1\" \/>\t\t\t\t\t<\/a>\n\t\t\t<\/div>\n<div class=\"qodef-e qodef-image-wrapper swiper-slide \">\n\t\t\t<a itemprop=\"url\" href=\"https:\/\/www.instagram.com\/\" target=\"_blank\">\n\t\t\t\t\t\t<img loading=\"lazy\" decoding=\"async\" src=\"https:\/\/estelasanabria.com\/wp-content\/uploads\/2023\/04\/h4-image2-290x290.jpg\" alt=\"a\" width=\"290\" height=\"290\" data-ratio=\"1\" \/>\t\t\t\t\t<\/a>\n\t\t\t<\/div>\n<div class=\"qodef-e qodef-image-wrapper swiper-slide \">\n\t\t\t<a itemprop=\"url\" href=\"https:\/\/www.instagram.com\/\" target=\"_blank\">\n\t\t\t\t\t\t<img loading=\"lazy\" decoding=\"async\" src=\"https:\/\/estelasanabria.com\/wp-content\/uploads\/2023\/04\/h4-image5-290x290.jpg\" alt=\"a\" width=\"290\" height=\"290\" data-ratio=\"1\" \/>\t\t\t\t\t<\/a>\n\t\t\t<\/div>\n<div class=\"qodef-e qodef-image-wrapper swiper-slide \">\n\t\t\t<a itemprop=\"url\" href=\"https:\/\/www.instagram.com\/\" target=\"_blank\">\n\t\t\t\t\t\t<img loading=\"lazy\" decoding=\"async\" src=\"https:\/\/estelasanabria.com\/wp-content\/uploads\/2023\/04\/h4-image3-290x290.jpg\" alt=\"a\" width=\"290\" height=\"290\" data-ratio=\"1\" \/>\t\t\t\t\t<\/a>\n\t\t\t<\/div>\n<div class=\"qodef-e qodef-image-wrapper swiper-slide \">\n\t\t\t<a itemprop=\"url\" href=\"https:\/\/www.instagram.com\/\" target=\"_blank\">\n\t\t\t\t\t\t<img loading=\"lazy\" decoding=\"async\" src=\"https:\/\/estelasanabria.com\/wp-content\/uploads\/2023\/04\/h4-image4-290x290.jpg\" alt=\"a\" width=\"290\" height=\"290\" data-ratio=\"1\" \/>\t\t\t\t\t<\/a>\n\t\t\t<\/div>\n\t<\/div>\n\t\t<\/div>\n\t\t\t\t<\/div>\n\t\t\t\t<\/div>\n\t\t\t\t\t<\/div>\n\t\t<\/div>\n\t\t\t\t\t<\/div>\n\t\t<\/section>\n\t\t\t\t<\/div>\n\t\t","protected":false},"excerpt":{"rendered":"<p>Retreats Transformation of the mind, perception and body is the goal for us, which we will reach through the practical experience of yoga. very soon you will become aware of your inner and physical power, the calmness and abundance of your spirit. Amazing yoga sessions yoga with our knowledgeable and deeply caring instructors. They will [&hellip;]<\/p>\n","protected":false},"author":1,"featured_media":0,"parent":0,"menu_order":0,"comment_status":"closed","ping_status":"closed","template":"page-full-width.php","meta":{"footnotes":""},"class_list":["post-3253","page","type-page","status-publish","hentry"],"_links":{"self":[{"href":"https:\/\/estelasanabria.com\/index.php\/wp-json\/wp\/v2\/pages\/3253","targetHints":{"allow":["GET"]}}],"collection":[{"href":"https:\/\/estelasanabria.com\/index.php\/wp-json\/wp\/v2\/pages"}],"about":[{"href":"https:\/\/estelasanabria.com\/index.php\/wp-json\/wp\/v2\/types\/page"}],"author":[{"embeddable":true,"href":"https:\/\/estelasanabria.com\/index.php\/wp-json\/wp\/v2\/users\/1"}],"replies":[{"embeddable":true,"href":"https:\/\/estelasanabria.com\/index.php\/wp-json\/wp\/v2\/comments?post=3253"}],"version-history":[{"count":0,"href":"https:\/\/estelasanabria.com\/index.php\/wp-json\/wp\/v2\/pages\/3253\/revisions"}],"wp:attachment":[{"href":"https:\/\/estelasanabria.com\/index.php\/wp-json\/wp\/v2\/media?parent=3253"}],"curies":[{"name":"wp","href":"https:\/\/api.w.org\/{rel}","templated":true}]}}