{"id":13802,"date":"2025-03-20T13:12:09","date_gmt":"2025-03-20T12:12:09","guid":{"rendered":"https:\/\/estelasanabria.com\/?page_id=13802"},"modified":"2025-03-20T13:20:36","modified_gmt":"2025-03-20T12:20:36","slug":"aviso-legal-y-politica-de-privacidad","status":"publish","type":"page","link":"https:\/\/estelasanabria.com\/index.php\/aviso-legal-y-politica-de-privacidad\/","title":{"rendered":"Aviso Legal y Pol\u00edtica de Privacidad"},"content":{"rendered":"\t\t<div data-elementor-type=\"wp-page\" data-elementor-id=\"13802\" class=\"elementor elementor-13802\">\n\t\t\t\t\t\t<section class=\"elementor-section elementor-top-section elementor-element elementor-element-345d0fc qodef-elementor-content-grid elementor-section-boxed elementor-section-height-default elementor-section-height-default\" data-id=\"345d0fc\" data-element_type=\"section\">\n\t\t\t\t\t\t<div class=\"elementor-container elementor-column-gap-default\">\n\t\t\t\t\t<div class=\"elementor-column elementor-col-100 elementor-top-column elementor-element elementor-element-a9f11e1\" data-id=\"a9f11e1\" data-element_type=\"column\">\n\t\t\t<div class=\"elementor-widget-wrap elementor-element-populated\">\n\t\t\t\t\t\t<div class=\"elementor-element elementor-element-2af9336 elementor-widget elementor-widget-ashtanga_core_custom_font\" data-id=\"2af9336\" data-element_type=\"widget\" data-widget_type=\"ashtanga_core_custom_font.default\">\n\t\t\t\t<div class=\"elementor-widget-container\">\n\t\t\t\t\t<h1 class=\"qodef-shortcode qodef-m  qodef-custom-font qodef-custom-font-324 qodef-layout--simple   \" style=\"color: #A80000;font-family: Sometimes;font-size: 80px;line-height: 1.1em;font-weight: 100;text-transform: uppercase\"   >\n\t<span class=\"qodef-custom-font-inner\">\n\t\tAviso Legal y Pol\u00edtica de Privacidad\t<\/span>\n<\/h1>\n\t\t\t\t<\/div>\n\t\t\t\t<\/div>\n\t\t\t\t<div class=\"elementor-element elementor-element-f7c8a00 elementor-widget__width-initial elementor-widget-mobile__width-inherit elementor-widget elementor-widget-text-editor\" data-id=\"f7c8a00\" data-element_type=\"widget\" data-widget_type=\"text-editor.default\">\n\t\t\t\t<div class=\"elementor-widget-container\">\n\t\t\t\t\t\t\t\t\t<h2>Datos del titular<\/h2><p>En cumplimiento del art\u00edculo 10 de la Ley 34\/2002, de Servicios de la Sociedad de la Informaci\u00f3n y Comercio Electr\u00f3nico (LSSI-CE), informamos que el titular del sitio web www.estelasanabria.com es:<\/p><p>Nombre o Raz\u00f3n Social: Estela Mar\u00eda de Lujan Sanabria<br \/>CIF\/NIF: 60472462X<br \/>Direcci\u00f3n: Psg. Maiol 16 3-2, Barcelona<br \/>Correo electr\u00f3nico: estela.sanabria11@hotmail.com<br \/>Tel\u00e9fono de contacto: 632155551<\/p><h2>Objeto del sitio web<\/h2><p>El sitio web Estela Sanabria tiene por objeto ofrecer informaci\u00f3n sobre los servicios que Estela Sanabria presta, proporcionar acceso a un lead magnet o contenido descargable gratuito y facilitar la comunicaci\u00f3n con los usuarios interesados mediante formularios de contacto.<\/p><h2>Propiedad intelectual<\/h2><p>Los contenidos de este sitio web, incluidos textos, im\u00e1genes, logotipos, gr\u00e1ficos, as\u00ed como el dise\u00f1o y estructura del mismo, est\u00e1n protegidos por derechos de propiedad intelectual e industrial pertenecientes a Estela Sanabria. Queda prohibida su reproducci\u00f3n, distribuci\u00f3n, comunicaci\u00f3n p\u00fablica o transformaci\u00f3n total o parcial sin autorizaci\u00f3n expresa del titular.<\/p><h2>Protecci\u00f3n de datos personales<\/h2><p>Conforme al Reglamento (UE) 2016\/679 del Parlamento Europeo y del Consejo, de 27 de abril de 2016 (RGPD) y la Ley Org\u00e1nica 3\/2018 de Protecci\u00f3n de Datos Personales y garant\u00eda de los derechos digitales (LOPDGDD),informamos que los datos personales facilitados mediante formularios de contacto, registro a newsletter o descarga de contenidos gratuitos ser\u00e1n incorporados a un fichero propiedad de Estela Sanabria, con la finalidad de gestionar las consultas recibidas, enviar el contenido solicitado (lead magnet), enviar la newsletter peri\u00f3dica, facilitar informaci\u00f3n relacionada con los servicios ofrecidos y gestionar futuras comunicaciones comerciales si ha otorgado previamente su consentimiento.<\/p><h2>Legitimaci\u00f3n<\/h2><p>La base legal para el tratamiento de sus datos personales es el consentimiento que presta mediante la aceptaci\u00f3n expresa de esta Pol\u00edtica de Privacidad al cumplimentar los formularios disponibles en el sitio web.<\/p><h2>Destinatarios<\/h2><p>Sus datos no ser\u00e1n cedidos a terceros salvo obligaci\u00f3n legal. Podr\u00e1n ser compartidos con proveedores que presten servicios necesarios para la gesti\u00f3n del sitio web, sujetos a acuerdos de confidencialidad.<\/p><h2>Derechos del usuario<\/h2><p>Usted podr\u00e1 ejercer sus derechos de acceso, rectificaci\u00f3n, supresi\u00f3n, oposici\u00f3n, limitaci\u00f3n del tratamiento y portabilidad de los datos personales facilitados, mediante escrito dirigido a hola.estelasanabria@gmail.com adjuntando copia de documento acreditativo de su identidad.<\/p><h2>Seguridad de los datos<\/h2><p>Estela Sanabria adopta medidas t\u00e9cnicas y organizativas adecuadas para garantizar la seguridad de sus datos personales, evitando su alteraci\u00f3n, p\u00e9rdida o acceso no autorizado.<\/p><h2>Enlaces externos<\/h2><p>El sitio web puede contener enlaces a p\u00e1ginas web de terceros. \u2014no se responsabiliza del contenido ni de la pol\u00edtica de privacidad de dichos sitios web externos.<\/p><h2>Modificaci\u00f3n del aviso legal<\/h2><p>Estela Sanabria se reserva el derecho a modificar este aviso legal y pol\u00edtica de privacidad en cualquier momento, informando a los usuarios de manera clara y suficiente sobre los cambios realizados.<\/p><h2>Jurisdicci\u00f3n aplicable<\/h2><p>Las relaciones entre Estela Sanabria y los usuarios de sus servicios telem\u00e1ticos presentes en esta web est\u00e1n sometidas a la legislaci\u00f3n espa\u00f1ola y jurisdicci\u00f3n competente que corresponda.<\/p><h2>Pol\u00edtica de cookies<\/h2><p>Este sitio web utiliza cookies propias y de terceros para mejorar la experiencia de navegaci\u00f3n, analizar el tr\u00e1fico web y personalizar contenido. Las cookies son peque\u00f1os archivos de texto que se almacenan en el navegador del usuario. Al navegar por nuestra web, aceptas el uso de estas cookies.<\/p><p>Puedes configurar tu navegador para aceptar, bloquear o eliminar las cookies instaladas en tu dispositivo mediante la configuraci\u00f3n de las opciones del navegador.<\/p>\t\t\t\t\t\t\t\t<\/div>\n\t\t\t\t<\/div>\n\t\t\t\t\t<\/div>\n\t\t<\/div>\n\t\t\t\t\t<\/div>\n\t\t<\/section>\n\t\t\t\t<\/div>\n\t\t","protected":false},"excerpt":{"rendered":"<p>Aviso Legal y Pol\u00edtica de Privacidad Datos del titular En cumplimiento del art\u00edculo 10 de la Ley 34\/2002, de Servicios de la Sociedad de la Informaci\u00f3n y Comercio Electr\u00f3nico (LSSI-CE), informamos que el titular del sitio web www.estelasanabria.com es: Nombre o Raz\u00f3n Social: Estela Mar\u00eda de Lujan SanabriaCIF\/NIF: 60472462XDirecci\u00f3n: Psg. Maiol 16 3-2, BarcelonaCorreo electr\u00f3nico: [&hellip;]<\/p>\n","protected":false},"author":1,"featured_media":0,"parent":0,"menu_order":0,"comment_status":"closed","ping_status":"closed","template":"page-full-width.php","meta":{"footnotes":""},"class_list":["post-13802","page","type-page","status-publish","hentry"],"_links":{"self":[{"href":"https:\/\/estelasanabria.com\/index.php\/wp-json\/wp\/v2\/pages\/13802","targetHints":{"allow":["GET"]}}],"collection":[{"href":"https:\/\/estelasanabria.com\/index.php\/wp-json\/wp\/v2\/pages"}],"about":[{"href":"https:\/\/estelasanabria.com\/index.php\/wp-json\/wp\/v2\/types\/page"}],"author":[{"embeddable":true,"href":"https:\/\/estelasanabria.com\/index.php\/wp-json\/wp\/v2\/users\/1"}],"replies":[{"embeddable":true,"href":"https:\/\/estelasanabria.com\/index.php\/wp-json\/wp\/v2\/comments?post=13802"}],"version-history":[{"count":7,"href":"https:\/\/estelasanabria.com\/index.php\/wp-json\/wp\/v2\/pages\/13802\/revisions"}],"predecessor-version":[{"id":13809,"href":"https:\/\/estelasanabria.com\/index.php\/wp-json\/wp\/v2\/pages\/13802\/revisions\/13809"}],"wp:attachment":[{"href":"https:\/\/estelasanabria.com\/index.php\/wp-json\/wp\/v2\/media?parent=13802"}],"curies":[{"name":"wp","href":"https:\/\/api.w.org\/{rel}","templated":true}]}}