{"id":13773,"date":"2025-03-20T12:27:19","date_gmt":"2025-03-20T11:27:19","guid":{"rendered":"https:\/\/estelasanabria.com\/?page_id=13773"},"modified":"2025-03-20T13:49:59","modified_gmt":"2025-03-20T12:49:59","slug":"sacerdotisas-sexuales","status":"publish","type":"page","link":"https:\/\/estelasanabria.com\/index.php\/sacerdotisas-sexuales\/","title":{"rendered":"Sacerdotisas sexuales"},"content":{"rendered":"\t\t<div data-elementor-type=\"wp-page\" data-elementor-id=\"13773\" class=\"elementor elementor-13773\">\n\t\t\t\t\t\t<section class=\"elementor-section elementor-top-section elementor-element elementor-element-345d0fc qodef-elementor-content-grid elementor-section-boxed elementor-section-height-default elementor-section-height-default\" data-id=\"345d0fc\" data-element_type=\"section\">\n\t\t\t\t\t\t<div class=\"elementor-container elementor-column-gap-default\">\n\t\t\t\t\t<div class=\"elementor-column elementor-col-50 elementor-top-column elementor-element elementor-element-a9f11e1\" data-id=\"a9f11e1\" data-element_type=\"column\">\n\t\t\t<div class=\"elementor-widget-wrap elementor-element-populated\">\n\t\t\t\t\t\t<div class=\"elementor-element elementor-element-2af9336 elementor-widget elementor-widget-ashtanga_core_custom_font\" data-id=\"2af9336\" data-element_type=\"widget\" data-widget_type=\"ashtanga_core_custom_font.default\">\n\t\t\t\t<div class=\"elementor-widget-container\">\n\t\t\t\t\t<h1 class=\"qodef-shortcode qodef-m  qodef-custom-font qodef-custom-font-887 qodef-layout--simple   \" style=\"color: #A80000;font-family: Sometimes;font-size: 80px;line-height: 1.1em;font-weight: 100;text-transform: uppercase\"   >\n\t<span class=\"qodef-custom-font-inner\">\n\t\tSacerdotisas sexuales\t<\/span>\n<\/h1>\n\t\t\t\t<\/div>\n\t\t\t\t<\/div>\n\t\t\t\t<div class=\"elementor-element elementor-element-f7c8a00 elementor-widget__width-initial elementor-widget-mobile__width-inherit elementor-widget elementor-widget-text-editor\" data-id=\"f7c8a00\" data-element_type=\"widget\" data-widget_type=\"text-editor.default\">\n\t\t\t\t<div class=\"elementor-widget-container\">\n\t\t\t\t\t\t\t\t\t<p class=\"p1\"><strong>Las Prostitutas Sagradas: Guardianas del Placer y la Espiritualidad<\/strong><\/p><p>Desde tiempos ancestrales, las mujeres han sido canalizadoras del misterio, la fertilidad y el poder divino. En muchas culturas, existieron figuras femeninas que encarnaban la uni\u00f3n entre la sexualidad y lo sagrado: las <strong>prostitutas sagradas<\/strong>, tambi\u00e9n conocidas como sacerdotisas del amor divino.<br \/><br \/>Estas mujeres no eran meras oferentes de placer; eran iniciadoras en los misterios de la vida, guardianas del conocimiento esot\u00e9rico y del cuerpo como templo. A trav\u00e9s del \u00e9xtasis, el rito y la conexi\u00f3n con la energ\u00eda de la diosa, guiaban a los hombres y mujeres hacia la trascendencia espiritual.<br \/>Hoy, en un mundo donde la sexualidad femenina ha sido reprimida y separada de lo sagrado, recordar el legado de estas sacerdotisas te permite sanar y reclamar tu poder. Conecta con la diosa interior, honra tu cuerpo, tu sensualidad, sexualidad y tu intuici\u00f3n como expresiones divinas.<\/p><p>A trav\u00e9s de la danza, el autoconocimiento, el placer consciente y los rituales de conexi\u00f3n con la Tierra y el cosmos, vamos a despertar nuestra Diosa sagrada.<br \/>Cada mujer lleva dentro de s\u00ed la memoria de las antiguas sacerdotisas; es momento de recordarla y vivir desde su poder.<\/p><p>Ser verdaderamente libre sexualmente implica <strong>cuestionar las normas sociales<\/strong>, los tab\u00faes y las expectativas. Significa <strong>escuchar nuestro cuerpo y nuestros deseos m\u00e1s profundos<\/strong>.<\/p>\t\t\t\t\t\t\t\t<\/div>\n\t\t\t\t<\/div>\n\t\t\t\t<div class=\"elementor-element elementor-element-336dcee elementor-widget__width-initial elementor-widget elementor-widget-ashtanga_core_custom_font\" data-id=\"336dcee\" data-element_type=\"widget\" data-widget_type=\"ashtanga_core_custom_font.default\">\n\t\t\t\t<div class=\"elementor-widget-container\">\n\t\t\t\t\t<p class=\"qodef-shortcode qodef-m  qodef-custom-font qodef-custom-font-110 qodef-layout--simple   \" style=\"color: #A80000;font-family: Sometimes;font-size: 45px;line-height: 1em;margin: auto\"   >\n\t<span class=\"qodef-custom-font-inner\">\n\t\tS\u00e9 el cambio que quieres ver en el mundo\t<\/span>\n<\/p>\n\t\t\t\t<\/div>\n\t\t\t\t<\/div>\n\t\t\t\t<div class=\"elementor-element elementor-element-00ad7a1 elementor-widget elementor-widget-ashtanga_core_custom_font\" data-id=\"00ad7a1\" data-element_type=\"widget\" data-widget_type=\"ashtanga_core_custom_font.default\">\n\t\t\t\t<div class=\"elementor-widget-container\">\n\t\t\t\t\t<h2 class=\"qodef-shortcode qodef-m  qodef-custom-font qodef-custom-font-482 qodef-layout--simple   \" style=\"color: #A80000;font-family: Sometimes;font-size: 35px;line-height: 1em;font-weight: 500;font-style: normal;text-transform: none;margin: auto\"   >\n\t<span class=\"qodef-custom-font-inner\">\n\t\tbeneficios\t<\/span>\n<\/h2>\n\t\t\t\t<\/div>\n\t\t\t\t<\/div>\n\t\t\t\t<div class=\"elementor-element elementor-element-1ac90ee elementor-widget__width-inherit elementor-widget-mobile__width-inherit elementor-widget elementor-widget-text-editor\" data-id=\"1ac90ee\" data-element_type=\"widget\" data-widget_type=\"text-editor.default\">\n\t\t\t\t<div class=\"elementor-widget-container\">\n\t\t\t\t\t\t\t\t\t<ul><li>Vive aut\u00e9nticamente tu cuerpo y tu sexualidad.<\/li><li>Recupera los saberes ancestrales femeninos.<\/li><li>Activaci\u00f3n y entrenamiento de suelo pelvico.<\/li><li>Automasaje de Yony.<\/li><li>Aprende de anatom\u00eda sexual energ\u00e9tica.<\/li><li>Utiliza tu menstruaci\u00f3n como gu\u00eda de tu salud.<\/li><li>Un espacio seguro e intimo donde puedas resolver traumas o conflictos.<\/li><\/ul><p>Si sientes que hay un grito callado en tus caderas, lees esto y sientes algo diferente en tu cuerpo, estos encuentros son para ti, recupera las partes perdidas de tu <strong>femenino sagrado<\/strong>.<\/p><p><strong>Recupera tu poder Sexual.<\/strong><\/p>\t\t\t\t\t\t\t\t<\/div>\n\t\t\t\t<\/div>\n\t\t\t\t\t<\/div>\n\t\t<\/div>\n\t\t\t\t<div class=\"elementor-column elementor-col-50 elementor-top-column elementor-element elementor-element-355b834\" data-id=\"355b834\" data-element_type=\"column\">\n\t\t\t<div class=\"elementor-widget-wrap elementor-element-populated\">\n\t\t\t\t\t\t<div class=\"elementor-element elementor-element-26d6775 elementor-widget elementor-widget-ashtanga_core_single_image\" data-id=\"26d6775\" data-element_type=\"widget\" data-widget_type=\"ashtanga_core_single_image.default\">\n\t\t\t\t<div class=\"elementor-widget-container\">\n\t\t\t\t\t<div class=\"qodef-shortcode qodef-m  qodef-single-image qodef-layout--default    \">\n\t\t\t<div class=\"qodef-m-image\" >\n\t\t\t\t\t\t\t\t<img fetchpriority=\"high\" decoding=\"async\" width=\"1105\" height=\"1656\" src=\"https:\/\/estelasanabria.com\/wp-content\/uploads\/2025\/03\/estela-sobre-mi.jpg\" class=\"attachment-full size-full\" alt=\"\" srcset=\"https:\/\/estelasanabria.com\/wp-content\/uploads\/2025\/03\/estela-sobre-mi.jpg 1105w, https:\/\/estelasanabria.com\/wp-content\/uploads\/2025\/03\/estela-sobre-mi-200x300.jpg 200w, https:\/\/estelasanabria.com\/wp-content\/uploads\/2025\/03\/estela-sobre-mi-683x1024.jpg 683w, https:\/\/estelasanabria.com\/wp-content\/uploads\/2025\/03\/estela-sobre-mi-768x1151.jpg 768w, https:\/\/estelasanabria.com\/wp-content\/uploads\/2025\/03\/estela-sobre-mi-1025x1536.jpg 1025w\" sizes=\"(max-width: 1105px) 100vw, 1105px\" \/>\t\t\t\t\t\t\t<\/div>\n\t<\/div>\n\t\t\t\t<\/div>\n\t\t\t\t<\/div>\n\t\t\t\t\t<\/div>\n\t\t<\/div>\n\t\t\t\t\t<\/div>\n\t\t<\/section>\n\t\t\t\t<section class=\"elementor-section elementor-top-section elementor-element elementor-element-428680c qodef-elementor-content-grid elementor-section-full_width elementor-section-height-default elementor-section-height-default\" data-id=\"428680c\" data-element_type=\"section\">\n\t\t\t\t\t\t<div class=\"elementor-container elementor-column-gap-default\">\n\t\t\t\t\t<div class=\"elementor-column elementor-col-100 elementor-top-column elementor-element elementor-element-209ed67\" data-id=\"209ed67\" data-element_type=\"column\">\n\t\t\t<div class=\"elementor-widget-wrap elementor-element-populated\">\n\t\t\t\t\t\t<section class=\"elementor-section elementor-inner-section elementor-element elementor-element-5bada47 elementor-section-full_width qodef-elementor-content-grid elementor-section-height-default elementor-section-height-default\" data-id=\"5bada47\" data-element_type=\"section\">\n\t\t\t\t\t\t<div class=\"elementor-container elementor-column-gap-default\">\n\t\t\t\t\t<div class=\"elementor-column elementor-col-100 elementor-inner-column elementor-element elementor-element-1ae416c\" data-id=\"1ae416c\" data-element_type=\"column\">\n\t\t\t<div class=\"elementor-widget-wrap\">\n\t\t\t\t\t\t\t<\/div>\n\t\t<\/div>\n\t\t\t\t\t<\/div>\n\t\t<\/section>\n\t\t\t\t\t<\/div>\n\t\t<\/div>\n\t\t\t\t\t<\/div>\n\t\t<\/section>\n\t\t\t\t<section class=\"elementor-section elementor-top-section elementor-element elementor-element-7088b81 elementor-section-full_width elementor-section-content-top qodef-elementor-content-grid elementor-section-height-default elementor-section-height-default\" data-id=\"7088b81\" data-element_type=\"section\">\n\t\t\t\t\t\t<div class=\"elementor-container elementor-column-gap-custom\">\n\t\t\t\t\t<div class=\"elementor-column elementor-col-100 elementor-top-column elementor-element elementor-element-a0b8135\" data-id=\"a0b8135\" data-element_type=\"column\">\n\t\t\t<div class=\"elementor-widget-wrap\">\n\t\t\t\t\t\t\t<\/div>\n\t\t<\/div>\n\t\t\t\t\t<\/div>\n\t\t<\/section>\n\t\t\t\t<section class=\"elementor-section elementor-top-section elementor-element elementor-element-822546f elementor-section-full_width elementor-section-content-bottom elementor-section-height-default elementor-section-height-default\" data-id=\"822546f\" data-element_type=\"section\" data-settings=\"{&quot;background_background&quot;:&quot;classic&quot;}\">\n\t\t\t\t\t\t<div class=\"elementor-container elementor-column-gap-default\">\n\t\t\t\t\t<div class=\"elementor-column elementor-col-50 elementor-top-column elementor-element elementor-element-06afff5\" data-id=\"06afff5\" data-element_type=\"column\">\n\t\t\t<div class=\"elementor-widget-wrap elementor-element-populated\">\n\t\t\t\t\t\t<div class=\"elementor-element elementor-element-87a1c1d elementor-hidden-mobile elementor-widget elementor-widget-ashtanga_core_custom_font\" data-id=\"87a1c1d\" data-element_type=\"widget\" data-widget_type=\"ashtanga_core_custom_font.default\">\n\t\t\t\t<div class=\"elementor-widget-container\">\n\t\t\t\t\t<p class=\"qodef-shortcode qodef-m  qodef-custom-font qodef-custom-font-39 qodef-layout--simple qodef-parallax-direction--right qodef-custom-parallax \" style=\"color: #F0ECE7;font-family: Sometimes;font-size: 85px;line-height: 1.1em\"   >\n\t<span class=\"qodef-custom-font-inner\">\n\t\tInstagram\t<\/span>\n<\/p>\n\t\t\t\t<\/div>\n\t\t\t\t<\/div>\n\t\t\t\t<div class=\"elementor-element elementor-element-f702f48 elementor-hidden-desktop elementor-hidden-tablet elementor-widget elementor-widget-ashtanga_core_custom_font\" data-id=\"f702f48\" data-element_type=\"widget\" data-widget_type=\"ashtanga_core_custom_font.default\">\n\t\t\t\t<div class=\"elementor-widget-container\">\n\t\t\t\t\t<p class=\"qodef-shortcode qodef-m  qodef-custom-font qodef-custom-font-230 qodef-layout--simple   \" style=\"color: #F0ECE7;font-family: Sometimes;font-size: 40px;line-height: 1.2em\"   >\n\t<span class=\"qodef-custom-font-inner\">\n\t\tInstagram\t<\/span>\n<\/p>\n\t\t\t\t<\/div>\n\t\t\t\t<\/div>\n\t\t\t\t\t<\/div>\n\t\t<\/div>\n\t\t\t\t<div class=\"elementor-column elementor-col-50 elementor-top-column elementor-element elementor-element-74ed980\" data-id=\"74ed980\" data-element_type=\"column\">\n\t\t\t<div class=\"elementor-widget-wrap elementor-element-populated\">\n\t\t\t\t\t\t<div class=\"elementor-element elementor-element-e1f9e20 elementor-widget elementor-widget-ashtanga_core_image_gallery\" data-id=\"e1f9e20\" data-element_type=\"widget\" data-widget_type=\"ashtanga_core_image_gallery.default\">\n\t\t\t\t<div class=\"elementor-widget-container\">\n\t\t\t\t\t<div class=\"qodef-shortcode qodef-m  qodef-image-gallery    qodef-content-vertical-align--bottom qodef-content-horizontal-align--left    qodef-grid qodef-layout--columns  qodef-gutter--custom  qodef-col-num--3  qodef-responsive--custom qodef-col-num--1440--3 qodef-col-num--1366--3 qodef-col-num--1024--3 qodef-col-num--768--3 qodef-col-num--680--3 qodef-col-num--480--3 qodef-swiper--show-pagination\" style=\"--qode-gutter-custom: 60px;--qode-gutter-custom-1440: 60px;--qode-gutter-custom-1024: 60px;--qode-gutter-custom-680: 10px\">\n\t<div class=\"qodef-grid-inner\">\n\t\t<div class=\"qodef-e qodef-image-wrapper qodef-grid-item \">\n\t\t\t<a itemprop=\"url\" href=\"https:\/\/www.instagram.com\/p\/DG6R5jUulQn\/\" target=\"_blank\">\n\t\t\t\t\t\t<img decoding=\"async\" width=\"1170\" height=\"2237\" src=\"https:\/\/estelasanabria.com\/wp-content\/uploads\/2025\/03\/IMG_0382-1.jpg\" class=\"attachment-full size-full\" alt=\"\" srcset=\"https:\/\/estelasanabria.com\/wp-content\/uploads\/2025\/03\/IMG_0382-1.jpg 1170w, https:\/\/estelasanabria.com\/wp-content\/uploads\/2025\/03\/IMG_0382-1-157x300.jpg 157w, https:\/\/estelasanabria.com\/wp-content\/uploads\/2025\/03\/IMG_0382-1-536x1024.jpg 536w, https:\/\/estelasanabria.com\/wp-content\/uploads\/2025\/03\/IMG_0382-1-768x1468.jpg 768w, https:\/\/estelasanabria.com\/wp-content\/uploads\/2025\/03\/IMG_0382-1-803x1536.jpg 803w, https:\/\/estelasanabria.com\/wp-content\/uploads\/2025\/03\/IMG_0382-1-1071x2048.jpg 1071w\" sizes=\"(max-width: 1170px) 100vw, 1170px\" \/>\t\t\t\t\t<\/a>\n\t\t\t<\/div>\n<div class=\"qodef-e qodef-image-wrapper qodef-grid-item \">\n\t\t\t<a itemprop=\"url\" href=\"https:\/\/www.instagram.com\/p\/DGv_P5nRvwU\/\" target=\"_blank\">\n\t\t\t\t\t\t<img decoding=\"async\" width=\"1170\" height=\"2197\" src=\"https:\/\/estelasanabria.com\/wp-content\/uploads\/2025\/03\/IMG_0383.jpg\" class=\"attachment-full size-full\" alt=\"\" srcset=\"https:\/\/estelasanabria.com\/wp-content\/uploads\/2025\/03\/IMG_0383.jpg 1170w, https:\/\/estelasanabria.com\/wp-content\/uploads\/2025\/03\/IMG_0383-160x300.jpg 160w, https:\/\/estelasanabria.com\/wp-content\/uploads\/2025\/03\/IMG_0383-545x1024.jpg 545w, https:\/\/estelasanabria.com\/wp-content\/uploads\/2025\/03\/IMG_0383-768x1442.jpg 768w, https:\/\/estelasanabria.com\/wp-content\/uploads\/2025\/03\/IMG_0383-818x1536.jpg 818w, https:\/\/estelasanabria.com\/wp-content\/uploads\/2025\/03\/IMG_0383-1091x2048.jpg 1091w\" sizes=\"(max-width: 1170px) 100vw, 1170px\" \/>\t\t\t\t\t<\/a>\n\t\t\t<\/div>\n<div class=\"qodef-e qodef-image-wrapper qodef-grid-item \">\n\t\t\t<a itemprop=\"url\" href=\"https:\/\/www.instagram.com\/p\/DBL0mEdoBoO\/\" target=\"_blank\">\n\t\t\t\t\t\t<img loading=\"lazy\" decoding=\"async\" width=\"1170\" height=\"2244\" src=\"https:\/\/estelasanabria.com\/wp-content\/uploads\/2025\/03\/IMG_0384.jpg\" class=\"attachment-full size-full\" alt=\"\" srcset=\"https:\/\/estelasanabria.com\/wp-content\/uploads\/2025\/03\/IMG_0384.jpg 1170w, https:\/\/estelasanabria.com\/wp-content\/uploads\/2025\/03\/IMG_0384-156x300.jpg 156w, https:\/\/estelasanabria.com\/wp-content\/uploads\/2025\/03\/IMG_0384-534x1024.jpg 534w, https:\/\/estelasanabria.com\/wp-content\/uploads\/2025\/03\/IMG_0384-768x1473.jpg 768w, https:\/\/estelasanabria.com\/wp-content\/uploads\/2025\/03\/IMG_0384-801x1536.jpg 801w, https:\/\/estelasanabria.com\/wp-content\/uploads\/2025\/03\/IMG_0384-1068x2048.jpg 1068w\" sizes=\"(max-width: 1170px) 100vw, 1170px\" \/>\t\t\t\t\t<\/a>\n\t\t\t<\/div>\n\t<\/div>\n<\/div>\n\t\t\t\t<\/div>\n\t\t\t\t<\/div>\n\t\t\t\t\t<\/div>\n\t\t<\/div>\n\t\t\t\t\t<\/div>\n\t\t<\/section>\n\t\t\t\t<section class=\"elementor-section elementor-top-section elementor-element elementor-element-9f4458d elementor-section-full_width elementor-section-height-default elementor-section-height-default\" data-id=\"9f4458d\" data-element_type=\"section\" data-settings=\"{&quot;background_background&quot;:&quot;classic&quot;}\">\n\t\t\t\t\t\t<div class=\"elementor-container elementor-column-gap-default\">\n\t\t\t\t\t<div class=\"elementor-column elementor-col-100 elementor-top-column elementor-element elementor-element-28bcbcd\" data-id=\"28bcbcd\" data-element_type=\"column\">\n\t\t\t<div class=\"elementor-widget-wrap elementor-element-populated\">\n\t\t\t\t\t\t<div class=\"elementor-element elementor-element-b9eb0f8 elementor-widget elementor-widget-ashtanga_core_image_gallery\" data-id=\"b9eb0f8\" data-element_type=\"widget\" data-widget_type=\"ashtanga_core_image_gallery.default\">\n\t\t\t\t<div class=\"elementor-widget-container\">\n\t\t\t\t\t<div class=\"qodef-shortcode qodef-m  qodef-image-gallery    qodef-content-vertical-align--bottom qodef-content-horizontal-align--left    qodef-grid qodef-layout--columns  qodef-gutter--custom  qodef-col-num--3  qodef-responsive--custom qodef-col-num--1440--3 qodef-col-num--1366--3 qodef-col-num--1024--3 qodef-col-num--768--3 qodef-col-num--680--3 qodef-col-num--480--3 qodef-swiper--show-pagination\" style=\"--qode-gutter-custom: 60px;--qode-gutter-custom-1440: 60px;--qode-gutter-custom-1024: 60px;--qode-gutter-custom-680: 10px\">\n\t<div class=\"qodef-grid-inner\">\n\t\t<div class=\"qodef-e qodef-image-wrapper qodef-grid-item \">\n\t\t\t<a itemprop=\"url\" href=\"https:\/\/www.instagram.com\/p\/C9mlz_coyzN\/\" target=\"_blank\">\n\t\t\t\t\t\t<img loading=\"lazy\" decoding=\"async\" width=\"1170\" height=\"2200\" src=\"https:\/\/estelasanabria.com\/wp-content\/uploads\/2025\/03\/IMG_0387.jpg\" class=\"attachment-full size-full\" alt=\"\" srcset=\"https:\/\/estelasanabria.com\/wp-content\/uploads\/2025\/03\/IMG_0387.jpg 1170w, https:\/\/estelasanabria.com\/wp-content\/uploads\/2025\/03\/IMG_0387-160x300.jpg 160w, https:\/\/estelasanabria.com\/wp-content\/uploads\/2025\/03\/IMG_0387-545x1024.jpg 545w, https:\/\/estelasanabria.com\/wp-content\/uploads\/2025\/03\/IMG_0387-768x1444.jpg 768w, https:\/\/estelasanabria.com\/wp-content\/uploads\/2025\/03\/IMG_0387-817x1536.jpg 817w, https:\/\/estelasanabria.com\/wp-content\/uploads\/2025\/03\/IMG_0387-1089x2048.jpg 1089w\" sizes=\"(max-width: 1170px) 100vw, 1170px\" \/>\t\t\t\t\t<\/a>\n\t\t\t<\/div>\n<div class=\"qodef-e qodef-image-wrapper qodef-grid-item \">\n\t\t\t<a itemprop=\"url\" href=\"https:\/\/www.instagram.com\/p\/C7wy9NkImH2\/\" target=\"_blank\">\n\t\t\t\t\t\t<img loading=\"lazy\" decoding=\"async\" width=\"1170\" height=\"2242\" src=\"https:\/\/estelasanabria.com\/wp-content\/uploads\/2025\/03\/IMG_0386.jpg\" class=\"attachment-full size-full\" alt=\"\" srcset=\"https:\/\/estelasanabria.com\/wp-content\/uploads\/2025\/03\/IMG_0386.jpg 1170w, https:\/\/estelasanabria.com\/wp-content\/uploads\/2025\/03\/IMG_0386-157x300.jpg 157w, https:\/\/estelasanabria.com\/wp-content\/uploads\/2025\/03\/IMG_0386-534x1024.jpg 534w, https:\/\/estelasanabria.com\/wp-content\/uploads\/2025\/03\/IMG_0386-768x1472.jpg 768w, https:\/\/estelasanabria.com\/wp-content\/uploads\/2025\/03\/IMG_0386-802x1536.jpg 802w, https:\/\/estelasanabria.com\/wp-content\/uploads\/2025\/03\/IMG_0386-1069x2048.jpg 1069w\" sizes=\"(max-width: 1170px) 100vw, 1170px\" \/>\t\t\t\t\t<\/a>\n\t\t\t<\/div>\n<div class=\"qodef-e qodef-image-wrapper qodef-grid-item \">\n\t\t\t<a itemprop=\"url\" href=\"https:\/\/www.instagram.com\/p\/C9KVuoOorRX\/\" target=\"_blank\">\n\t\t\t\t\t\t<img loading=\"lazy\" decoding=\"async\" width=\"1170\" height=\"2230\" src=\"https:\/\/estelasanabria.com\/wp-content\/uploads\/2025\/03\/IMG_0385.jpg\" class=\"attachment-full size-full\" alt=\"\" srcset=\"https:\/\/estelasanabria.com\/wp-content\/uploads\/2025\/03\/IMG_0385.jpg 1170w, https:\/\/estelasanabria.com\/wp-content\/uploads\/2025\/03\/IMG_0385-157x300.jpg 157w, https:\/\/estelasanabria.com\/wp-content\/uploads\/2025\/03\/IMG_0385-537x1024.jpg 537w, https:\/\/estelasanabria.com\/wp-content\/uploads\/2025\/03\/IMG_0385-768x1464.jpg 768w, https:\/\/estelasanabria.com\/wp-content\/uploads\/2025\/03\/IMG_0385-806x1536.jpg 806w, https:\/\/estelasanabria.com\/wp-content\/uploads\/2025\/03\/IMG_0385-1075x2048.jpg 1075w\" sizes=\"(max-width: 1170px) 100vw, 1170px\" \/>\t\t\t\t\t<\/a>\n\t\t\t<\/div>\n\t<\/div>\n<\/div>\n\t\t\t\t<\/div>\n\t\t\t\t<\/div>\n\t\t\t\t\t<\/div>\n\t\t<\/div>\n\t\t\t\t\t<\/div>\n\t\t<\/section>\n\t\t\t\t<\/div>\n\t\t","protected":false},"excerpt":{"rendered":"<p>Sacerdotisas sexuales Las Prostitutas Sagradas: Guardianas del Placer y la Espiritualidad Desde tiempos ancestrales, las mujeres han sido canalizadoras del misterio, la fertilidad y el poder divino. En muchas culturas, existieron figuras femeninas que encarnaban la uni\u00f3n entre la sexualidad y lo sagrado: las prostitutas sagradas, tambi\u00e9n conocidas como sacerdotisas del amor divino. Estas mujeres [&hellip;]<\/p>\n","protected":false},"author":1,"featured_media":0,"parent":0,"menu_order":0,"comment_status":"closed","ping_status":"closed","template":"page-full-width.php","meta":{"footnotes":""},"class_list":["post-13773","page","type-page","status-publish","hentry"],"_links":{"self":[{"href":"https:\/\/estelasanabria.com\/index.php\/wp-json\/wp\/v2\/pages\/13773","targetHints":{"allow":["GET"]}}],"collection":[{"href":"https:\/\/estelasanabria.com\/index.php\/wp-json\/wp\/v2\/pages"}],"about":[{"href":"https:\/\/estelasanabria.com\/index.php\/wp-json\/wp\/v2\/types\/page"}],"author":[{"embeddable":true,"href":"https:\/\/estelasanabria.com\/index.php\/wp-json\/wp\/v2\/users\/1"}],"replies":[{"embeddable":true,"href":"https:\/\/estelasanabria.com\/index.php\/wp-json\/wp\/v2\/comments?post=13773"}],"version-history":[{"count":31,"href":"https:\/\/estelasanabria.com\/index.php\/wp-json\/wp\/v2\/pages\/13773\/revisions"}],"predecessor-version":[{"id":13824,"href":"https:\/\/estelasanabria.com\/index.php\/wp-json\/wp\/v2\/pages\/13773\/revisions\/13824"}],"wp:attachment":[{"href":"https:\/\/estelasanabria.com\/index.php\/wp-json\/wp\/v2\/media?parent=13773"}],"curies":[{"name":"wp","href":"https:\/\/api.w.org\/{rel}","templated":true}]}}